{"id":795,"date":"2023-04-11T23:11:57","date_gmt":"2023-04-12T02:11:57","guid":{"rendered":"https:\/\/topvalle.com.br\/?post_type=product&#038;p=795"},"modified":"2023-04-11T23:11:57","modified_gmt":"2023-04-12T02:11:57","slug":"tratorito-multiagro-b4t-6-5","status":"publish","type":"product","link":"https:\/\/topvalle.com.br\/index.php\/produto\/tratorito-multiagro-b4t-6-5\/","title":{"rendered":"TRATORITO MULTIAGRO-B4T &#8211; 6.5"},"content":{"rendered":"<p>O Tratorito Multiagro BTTG-6.5 &#8211; 650 \u00e9 3 em 1, s\u00e3o diversas aplica\u00e7\u00f5es em 1 s\u00f3 equipamento. O multiagro \u00e9 vers\u00e1til podendo ser utilizado em v\u00e1rios tipos de solo. A l\u00e2mina preparadora deixa o solo pronto para o plantio e possui 650mm de largura de corte. A l\u00e2mina sulcadora \u00e9 respons\u00e1vel por abrir valeras no solo para o cultivo de tub\u00e9rculos e possui largura de corte de 180mm. J\u00e1 a l\u00e2mina revolvedora trabalha com largura de 470mm a 650mm e realiza a capina entre as linhas de cultivo. O equipamento possui 4 ajustes de altura, 4 velocidades e 5 marchas, com guid\u00e3o m\u00f3vel de at\u00e9 270\u00ba. Quer realizar diversos trabalhos com 1 s\u00f3 equipamento? O Multiagro da Branco \u00e9 o produto indicado pra voc\u00ea.<\/p>\n","protected":false},"excerpt":{"rendered":"<p>O Tratorito Multiagro BTTG-6.5 &#8211; 650 \u00e9 3 em 1, s\u00e3o diversas aplica\u00e7\u00f5es em 1 s\u00f3 equipamento. O multiagro \u00e9 vers\u00e1til podendo ser utilizado em v\u00e1rios tipos de solo. A l\u00e2mina preparadora deixa o solo pronto para o plantio e possui 650mm de largura de corte.<\/p>\n","protected":false},"featured_media":796,"comment_status":"open","ping_status":"closed","template":"","meta":[],"product_cat":[68,70],"product_tag":[],"_links":{"self":[{"href":"https:\/\/topvalle.com.br\/index.php\/wp-json\/wp\/v2\/product\/795"}],"collection":[{"href":"https:\/\/topvalle.com.br\/index.php\/wp-json\/wp\/v2\/product"}],"about":[{"href":"https:\/\/topvalle.com.br\/index.php\/wp-json\/wp\/v2\/types\/product"}],"replies":[{"embeddable":true,"href":"https:\/\/topvalle.com.br\/index.php\/wp-json\/wp\/v2\/comments?post=795"}],"wp:featuredmedia":[{"embeddable":true,"href":"https:\/\/topvalle.com.br\/index.php\/wp-json\/wp\/v2\/media\/796"}],"wp:attachment":[{"href":"https:\/\/topvalle.com.br\/index.php\/wp-json\/wp\/v2\/media?parent=795"}],"wp:term":[{"taxonomy":"product_cat","embeddable":true,"href":"https:\/\/topvalle.com.br\/index.php\/wp-json\/wp\/v2\/product_cat?post=795"},{"taxonomy":"product_tag","embeddable":true,"href":"https:\/\/topvalle.com.br\/index.php\/wp-json\/wp\/v2\/product_tag?post=795"}],"curies":[{"name":"wp","href":"https:\/\/api.w.org\/{rel}","templated":true}]}}