{"id":797,"date":"2023-04-11T23:13:34","date_gmt":"2023-04-12T02:13:34","guid":{"rendered":"https:\/\/topvalle.com.br\/?post_type=product&#038;p=797"},"modified":"2023-04-11T23:13:34","modified_gmt":"2023-04-12T02:13:34","slug":"motocultivador-tdt135re12-xp","status":"publish","type":"product","link":"https:\/\/topvalle.com.br\/index.php\/produto\/motocultivador-tdt135re12-xp\/","title":{"rendered":"MOTOCULTIVADOR \u2013 TDT135RE12-XP"},"content":{"rendered":"<p>O Motocultivador Toyama TDT135RE12-XP, foi projetado para uso profissional, destacando-se pela sua funcionalidade impressionante e imbat\u00edvel combina\u00e7\u00e3o de facilidade de utiliza\u00e7\u00e3o e seguran\u00e7a.<br \/>\nEquipado com motor a Diesel de 11,0 HP de pot\u00eancia m\u00e1xima, com partida manual e el\u00e9trica, \u00e9 leve e f\u00e1cil de manusear. O TDT135RE12-XP permite ao operador trabalhar confortavelmente mesmo em espa\u00e7os apertados. Seu filtro de ar banhado a \u00f3leo permite que este equipamento seja utilizado em ambientes com severos n\u00edveis de poeiras. Sua caixa de transmiss\u00e3o \u00e9 manual de duas velocidades para frente e uma para tr\u00e1s e por ser totalmente selada permite trabalhar em zonas alagadas. Equipado com enxadas rotativas com largura de corte ajust\u00e1vel de 800 a 1350mm. Seu cabo de manobra \u00e9 ajust\u00e1vel para maior comodidade durante sua utiliza\u00e7\u00e3o. O TDT135RE12-XP pode ser amplamente utilizado em s\u00edtios para cultivo de solos arenosos e argilosos, plan\u00edcies, \u00e1reas montanhosas, campos de arroz, pomares, granjas e etc.<\/p>\n","protected":false},"excerpt":{"rendered":"<p>O Motocultivador Toyama TDT135RE12-XP, foi projetado para uso profissional, destacando-se pela sua funcionalidade impressionante e imbat\u00edvel combina\u00e7\u00e3o de facilidade de utiliza\u00e7\u00e3o e seguran\u00e7a.<\/p>\n","protected":false},"featured_media":798,"comment_status":"open","ping_status":"closed","template":"","meta":[],"product_cat":[68,70],"product_tag":[],"_links":{"self":[{"href":"https:\/\/topvalle.com.br\/index.php\/wp-json\/wp\/v2\/product\/797"}],"collection":[{"href":"https:\/\/topvalle.com.br\/index.php\/wp-json\/wp\/v2\/product"}],"about":[{"href":"https:\/\/topvalle.com.br\/index.php\/wp-json\/wp\/v2\/types\/product"}],"replies":[{"embeddable":true,"href":"https:\/\/topvalle.com.br\/index.php\/wp-json\/wp\/v2\/comments?post=797"}],"wp:featuredmedia":[{"embeddable":true,"href":"https:\/\/topvalle.com.br\/index.php\/wp-json\/wp\/v2\/media\/798"}],"wp:attachment":[{"href":"https:\/\/topvalle.com.br\/index.php\/wp-json\/wp\/v2\/media?parent=797"}],"wp:term":[{"taxonomy":"product_cat","embeddable":true,"href":"https:\/\/topvalle.com.br\/index.php\/wp-json\/wp\/v2\/product_cat?post=797"},{"taxonomy":"product_tag","embeddable":true,"href":"https:\/\/topvalle.com.br\/index.php\/wp-json\/wp\/v2\/product_tag?post=797"}],"curies":[{"name":"wp","href":"https:\/\/api.w.org\/{rel}","templated":true}]}}