{"id":799,"date":"2023-04-11T23:15:55","date_gmt":"2023-04-12T02:15:55","guid":{"rendered":"https:\/\/topvalle.com.br\/?post_type=product&#038;p=799"},"modified":"2023-04-11T23:15:55","modified_gmt":"2023-04-12T02:15:55","slug":"perfurador-de-solo-tea43x150-gii","status":"publish","type":"product","link":"https:\/\/topvalle.com.br\/index.php\/produto\/perfurador-de-solo-tea43x150-gii\/","title":{"rendered":"PERFURADOR DE SOLO \u2013 TEA43X150-GII"},"content":{"rendered":"<p>A Toyama oferece a melhor op\u00e7\u00e3o do mercado, para quem procura um equipamento de uso frequente, onde 1 \u00fanico operador possa executar o servi\u00e7o. Como \u00e9 o caso do Perfurador de Solo Toyama TEA43X-150, equipado com motor 2 tempos de 42,7cc.<\/p>\n<p>Projetado com materiais da mais alta qualidade, o perfurador de solo TEA43X-150, facilita e agiliza qualquer projeto de escava\u00e7\u00e3o. Resistente, por\u00e9m leve, \u00e9 ideal para perfura\u00e7\u00f5es de solo na silvicultura, na floricultura, na constru\u00e7\u00e3o de cercas, na coleta de materiais para an\u00e1lise de solo, e ainda, para o plantio na agricultura. Este modelo acompanha broca de 150mm de di\u00e2metro.<\/p>\n","protected":false},"excerpt":{"rendered":"<p>A Toyama oferece a melhor op\u00e7\u00e3o do mercado, para quem procura um equipamento de uso frequente, onde 1 \u00fanico operador possa executar o servi\u00e7o. Como \u00e9 o caso do Perfurador de Solo Toyama TEA43X-150, equipado com motor 2 tempos de 42,7cc.<\/p>\n","protected":false},"featured_media":800,"comment_status":"open","ping_status":"closed","template":"","meta":[],"product_cat":[68,71],"product_tag":[],"_links":{"self":[{"href":"https:\/\/topvalle.com.br\/index.php\/wp-json\/wp\/v2\/product\/799"}],"collection":[{"href":"https:\/\/topvalle.com.br\/index.php\/wp-json\/wp\/v2\/product"}],"about":[{"href":"https:\/\/topvalle.com.br\/index.php\/wp-json\/wp\/v2\/types\/product"}],"replies":[{"embeddable":true,"href":"https:\/\/topvalle.com.br\/index.php\/wp-json\/wp\/v2\/comments?post=799"}],"wp:featuredmedia":[{"embeddable":true,"href":"https:\/\/topvalle.com.br\/index.php\/wp-json\/wp\/v2\/media\/800"}],"wp:attachment":[{"href":"https:\/\/topvalle.com.br\/index.php\/wp-json\/wp\/v2\/media?parent=799"}],"wp:term":[{"taxonomy":"product_cat","embeddable":true,"href":"https:\/\/topvalle.com.br\/index.php\/wp-json\/wp\/v2\/product_cat?post=799"},{"taxonomy":"product_tag","embeddable":true,"href":"https:\/\/topvalle.com.br\/index.php\/wp-json\/wp\/v2\/product_tag?post=799"}],"curies":[{"name":"wp","href":"https:\/\/api.w.org\/{rel}","templated":true}]}}