{"id":803,"date":"2023-04-11T23:19:37","date_gmt":"2023-04-12T02:19:37","guid":{"rendered":"https:\/\/topvalle.com.br\/?post_type=product&#038;p=803"},"modified":"2023-04-11T23:19:37","modified_gmt":"2023-04-12T02:19:37","slug":"es-550g-motor-trapp","status":"publish","type":"product","link":"https:\/\/topvalle.com.br\/index.php\/produto\/es-550g-motor-trapp\/","title":{"rendered":"ES 550G (Motor TRAPP)"},"content":{"rendered":"<p>Equipados com motores TRAPP (Lifan), movidos a gasolina comum (n\u00e3o aditivada).<br \/>\nLubrificante: \u00d3leo SAE 20W50 \u2013 Efetuar 1\u00aa troca ap\u00f3s primeiras 5 horas de trabalho, e as pr\u00f3ximas a cada 50 horas de trabalho, com manuten\u00e7\u00e3o do filtro de ar.<br \/>\nTamanho de corte: 4, 6, 8 e 12 mm.<br \/>\nRela\u00e7\u00e3o para regulagem do comprimento de corte: Ajuste a correia na posi\u00e7\u00e3o adequada ao comprimento de corte desejado.<br \/>\nCorpo constru\u00eddo com chapa de 6,35 mm de espessura.<br \/>\nLubrifica\u00e7\u00e3o da caixa de redu\u00e7\u00e3o: Fa\u00e7a a 1\u00aa troca ap\u00f3s as primeiras 50 horas de trabalho e as pr\u00f3ximas a cada 300 horas. Utilize 700 ml do \u00f3leo SAE 140.<br \/>\nBica de sa\u00edda com regulagem de direcionamento do jato e giro de 360\u00b0.<br \/>\nAcabamento: Tratamento anticorrosivo em todas as pe\u00e7as sujeitas a oxida\u00e7\u00e3o e pintura com tinta a p\u00f3 de poli\u00e9ster polimerizado em estufa a 220 \u00b0C, garantindo maior durabilidade e acabamento.<br \/>\nGarantia: 24 meses (3 meses garantia legal, 9 meses garantia especial TRAPP, 12 meses seguintes \u2013 excluindo o motor \u2013 garantia especial TRAPP).<\/p>\n<p>Aplica\u00e7\u00e3o<br \/>\nCortar capim, sorgo, cana-de-a\u00e7\u00facar e triturar folhas de palmeira, coqueiro, materiais fibrosos, entre outros, para gado, cavalos, javalis, emas, avestruzes, na medida certa para cada tipo de rebanho, em peda\u00e7os uniformes.<\/p>\n","protected":false},"excerpt":{"rendered":"<p>Equipados com motores TRAPP (Lifan), movidos a gasolina comum (n\u00e3o aditivada).<br \/>\nLubrificante: \u00d3leo SAE 20W50 \u2013 Efetuar 1\u00aa troca ap\u00f3s primeiras 5 horas de trabalho, e as pr\u00f3ximas a cada 50 horas de trabalho, com manuten\u00e7\u00e3o do filtro de ar.<br \/>\nTamanho de corte: 4, 6, 8 e 12 mm.<br \/>\nRela\u00e7\u00e3o para regulagem do comprimento de corte: Ajuste a correia na posi\u00e7\u00e3o adequada ao comprimento de corte desejado.<\/p>\n","protected":false},"featured_media":804,"comment_status":"open","ping_status":"closed","template":"","meta":[],"product_cat":[68,72],"product_tag":[],"_links":{"self":[{"href":"https:\/\/topvalle.com.br\/index.php\/wp-json\/wp\/v2\/product\/803"}],"collection":[{"href":"https:\/\/topvalle.com.br\/index.php\/wp-json\/wp\/v2\/product"}],"about":[{"href":"https:\/\/topvalle.com.br\/index.php\/wp-json\/wp\/v2\/types\/product"}],"replies":[{"embeddable":true,"href":"https:\/\/topvalle.com.br\/index.php\/wp-json\/wp\/v2\/comments?post=803"}],"wp:featuredmedia":[{"embeddable":true,"href":"https:\/\/topvalle.com.br\/index.php\/wp-json\/wp\/v2\/media\/804"}],"wp:attachment":[{"href":"https:\/\/topvalle.com.br\/index.php\/wp-json\/wp\/v2\/media?parent=803"}],"wp:term":[{"taxonomy":"product_cat","embeddable":true,"href":"https:\/\/topvalle.com.br\/index.php\/wp-json\/wp\/v2\/product_cat?post=803"},{"taxonomy":"product_tag","embeddable":true,"href":"https:\/\/topvalle.com.br\/index.php\/wp-json\/wp\/v2\/product_tag?post=803"}],"curies":[{"name":"wp","href":"https:\/\/api.w.org\/{rel}","templated":true}]}}