{"id":805,"date":"2023-04-11T23:20:58","date_gmt":"2023-04-12T02:20:58","guid":{"rendered":"https:\/\/topvalle.com.br\/?post_type=product&#038;p=805"},"modified":"2023-04-11T23:20:58","modified_gmt":"2023-04-12T02:20:58","slug":"triturador-organico-tog-2300","status":"publish","type":"product","link":"https:\/\/topvalle.com.br\/index.php\/produto\/triturador-organico-tog-2300\/","title":{"rendered":"TRITURADOR ORG\u00c2NICO &#8211; TOG-2300"},"content":{"rendered":"<p>Equipamento para alta produ\u00e7\u00e3o. Indicado para moer, picar e desintegrar produtos como cana-de-a\u00e7\u00facar, capim, ramas de mandioca, cascas de cereais, milho, etc.<\/p>\n<p>&nbsp;<\/p>\n<p><strong>Dados T\u00e9cnicos<\/strong><\/p>\n<p>C\u00f3digo: (127V) 33019.9 | (220V) 40571.0<br \/>\nPot\u00eancia motor: 1,5cv<br \/>\nFrequ\u00eancia: 60hz<br \/>\nArea de corte: 50 (mm)<\/p>\n","protected":false},"excerpt":{"rendered":"<p><strong>Dados T\u00e9cnicos<\/strong><\/p>\n<p>C\u00f3digo: (127V) 33019.9 | (220V) 40571.0<br \/>\nPot\u00eancia motor: 1,5cv<br \/>\nFrequ\u00eancia: 60hz<br \/>\nArea de corte: 50 (mm)<\/p>\n","protected":false},"featured_media":806,"comment_status":"open","ping_status":"closed","template":"","meta":[],"product_cat":[68,73],"product_tag":[],"_links":{"self":[{"href":"https:\/\/topvalle.com.br\/index.php\/wp-json\/wp\/v2\/product\/805"}],"collection":[{"href":"https:\/\/topvalle.com.br\/index.php\/wp-json\/wp\/v2\/product"}],"about":[{"href":"https:\/\/topvalle.com.br\/index.php\/wp-json\/wp\/v2\/types\/product"}],"replies":[{"embeddable":true,"href":"https:\/\/topvalle.com.br\/index.php\/wp-json\/wp\/v2\/comments?post=805"}],"wp:featuredmedia":[{"embeddable":true,"href":"https:\/\/topvalle.com.br\/index.php\/wp-json\/wp\/v2\/media\/806"}],"wp:attachment":[{"href":"https:\/\/topvalle.com.br\/index.php\/wp-json\/wp\/v2\/media?parent=805"}],"wp:term":[{"taxonomy":"product_cat","embeddable":true,"href":"https:\/\/topvalle.com.br\/index.php\/wp-json\/wp\/v2\/product_cat?post=805"},{"taxonomy":"product_tag","embeddable":true,"href":"https:\/\/topvalle.com.br\/index.php\/wp-json\/wp\/v2\/product_tag?post=805"}],"curies":[{"name":"wp","href":"https:\/\/api.w.org\/{rel}","templated":true}]}}