{"id":809,"date":"2023-04-11T23:25:28","date_gmt":"2023-04-12T02:25:28","guid":{"rendered":"https:\/\/topvalle.com.br\/?post_type=product&#038;p=809"},"modified":"2023-04-11T23:25:28","modified_gmt":"2023-04-12T02:25:28","slug":"tr-200-trituradores-de-galhos-residuos","status":"publish","type":"product","link":"https:\/\/topvalle.com.br\/index.php\/produto\/tr-200-trituradores-de-galhos-residuos\/","title":{"rendered":"TR-200 Trituradores de Galhos \/ Res\u00edduos"},"content":{"rendered":"<p>TR-200<br \/>\nTrituradores de Galhos \/ Res\u00edduos<\/p>\n<p>CARACTER\u00cdSTICAS E DIFERENCIAIS<br \/>\nAcabamento: Todas as pe\u00e7as recebem tratamento anticorrosivo e pintura a p\u00f3<br \/>\nde poli\u00e9ster polimerizado em estufa a 220 \u00b0C, garantindo maior durabilidade e<br \/>\nacabamento.<br \/>\nTR 200 \u2013 Chave interruptora garante isola\u00e7\u00e3o total tanto na vers\u00e3o monof\u00e1sica<br \/>\n(chave bipolar) quanto na vers\u00e3o trif\u00e1sica (chave tripolar).<br \/>\nTR 200G \u2013 Novo motor: 8,5 hp 875 Series EXI (sistema de partida \u201cReady Start\u201d,<br \/>\nafogador autom\u00e1tico e \u201cJust check and add\u201d somente checar e completar<br \/>\no \u00f3leo). Usar o \u00f3leo 5W-30 sint\u00e9tico.<br \/>\nDi\u00e2metro m\u00e1ximo tritur\u00e1vel: \u00d82,54 cm (1 polegada).<br \/>\nTR 200 Garantia: 12 meses (3 meses garantia legal, 9 meses garantia especial TRAPP).<\/p>\n<p>Aplica\u00e7\u00e3o<br \/>\nTriturar aparas do jardim, como galhos de \u00e1rvores, cercas-vivas,<br \/>\nfolhagens em geral, talos de feij\u00e3o, restos de vegetais e frutas. Tem como objetivo o<br \/>\nresultado desta tritura\u00e7\u00e3o, fornecer material para adubo org\u00e2nico. Ideal para<br \/>\ncondom\u00ednios fechados, ch\u00e1caras, hortas, agricultura org\u00e2nica. Equipado com facas<br \/>\nfixadas direto ao eixo do motor, funil remov\u00edvel com trava de seguran\u00e7a, tem na<br \/>\nlateral um bocal alimentador para galhos de at\u00e9 \u00d81\u201d.<\/p>\n","protected":false},"excerpt":{"rendered":"<p>CARACTER\u00cdSTICAS E DIFERENCIAIS<br \/>\nAcabamento: Todas as pe\u00e7as recebem tratamento anticorrosivo e pintura a p\u00f3<br \/>\nde poli\u00e9ster polimerizado em estufa a 220 \u00b0C, garantindo maior durabilidade e<br \/>\nacabamento.<br \/>\nTR 200 \u2013 Chave interruptora garante isola\u00e7\u00e3o total tanto na vers\u00e3o monof\u00e1sica<br \/>\n(chave bipolar) quanto na vers\u00e3o trif\u00e1sica (chave tripolar).<br \/>\nTR 200G \u2013 Novo motor: 8,5 hp 875 Series EXI (sistema de partida \u201cReady Start\u201d,<br \/>\nafogador autom\u00e1tico e \u201cJust check and add\u201d somente checar e completar<br \/>\no \u00f3leo). Usar o \u00f3leo 5W-30 sint\u00e9tico.<br \/>\nDi\u00e2metro m\u00e1ximo tritur\u00e1vel: \u00d82,54 cm (1 polegada).<br \/>\nTR 200 Garantia: 12 meses (3 meses garantia legal, 9 meses garantia especial TRAPP).<\/p>\n","protected":false},"featured_media":810,"comment_status":"open","ping_status":"closed","template":"","meta":[],"product_cat":[68,73],"product_tag":[],"_links":{"self":[{"href":"https:\/\/topvalle.com.br\/index.php\/wp-json\/wp\/v2\/product\/809"}],"collection":[{"href":"https:\/\/topvalle.com.br\/index.php\/wp-json\/wp\/v2\/product"}],"about":[{"href":"https:\/\/topvalle.com.br\/index.php\/wp-json\/wp\/v2\/types\/product"}],"replies":[{"embeddable":true,"href":"https:\/\/topvalle.com.br\/index.php\/wp-json\/wp\/v2\/comments?post=809"}],"wp:featuredmedia":[{"embeddable":true,"href":"https:\/\/topvalle.com.br\/index.php\/wp-json\/wp\/v2\/media\/810"}],"wp:attachment":[{"href":"https:\/\/topvalle.com.br\/index.php\/wp-json\/wp\/v2\/media?parent=809"}],"wp:term":[{"taxonomy":"product_cat","embeddable":true,"href":"https:\/\/topvalle.com.br\/index.php\/wp-json\/wp\/v2\/product_cat?post=809"},{"taxonomy":"product_tag","embeddable":true,"href":"https:\/\/topvalle.com.br\/index.php\/wp-json\/wp\/v2\/product_tag?post=809"}],"curies":[{"name":"wp","href":"https:\/\/api.w.org\/{rel}","templated":true}]}}