{"id":811,"date":"2023-04-11T23:27:06","date_gmt":"2023-04-12T02:27:06","guid":{"rendered":"https:\/\/topvalle.com.br\/?post_type=product&#038;p=811"},"modified":"2023-04-11T23:27:06","modified_gmt":"2023-04-12T02:27:06","slug":"bl-2000c","status":"publish","type":"product","link":"https:\/\/topvalle.com.br\/index.php\/produto\/bl-2000c\/","title":{"rendered":"BL 2000C"},"content":{"rendered":"<p>Chegaram suas melhores parceiras na limpeza dom\u00e9stica. As lavadoraas de alta press\u00e3o BL 2000 C entregam uma vaz\u00e3o de 5,6l\/min na vers\u00e3o 127V e 5,9L\/min na vers\u00e3o 220V, sendo ideal para limpezas pesadas de resid\u00eancias e com\u00e9rcios. J\u00e1 possuem a vers\u00e3o detergente acoplada e conta com pistola com regulagem de vaz\u00e3o e \u00e2ngulo do leque. Seu motor de indu\u00e7\u00e3o proporciona uma maior resist\u00eancia e durabilidade do equipamento. Possui um design moderno e conta com rodas e al\u00e7a para facilitar o transporte e armazenagem. Conhe\u00e7a mais sobre a nova lavadora da Branco Casa e Jardim.<\/p>\n","protected":false},"excerpt":{"rendered":"<p>Chegaram suas melhores parceiras na limpeza dom\u00e9stica. As lavadoraas de alta press\u00e3o BL 2000 C entregam uma vaz\u00e3o de 5,6l\/min na vers\u00e3o 127V e 5,9L\/min na vers\u00e3o 220V, sendo ideal para limpezas pesadas de resid\u00eancias e com\u00e9rcios.<\/p>\n","protected":false},"featured_media":812,"comment_status":"open","ping_status":"closed","template":"","meta":[],"product_cat":[68,74],"product_tag":[],"_links":{"self":[{"href":"https:\/\/topvalle.com.br\/index.php\/wp-json\/wp\/v2\/product\/811"}],"collection":[{"href":"https:\/\/topvalle.com.br\/index.php\/wp-json\/wp\/v2\/product"}],"about":[{"href":"https:\/\/topvalle.com.br\/index.php\/wp-json\/wp\/v2\/types\/product"}],"replies":[{"embeddable":true,"href":"https:\/\/topvalle.com.br\/index.php\/wp-json\/wp\/v2\/comments?post=811"}],"wp:featuredmedia":[{"embeddable":true,"href":"https:\/\/topvalle.com.br\/index.php\/wp-json\/wp\/v2\/media\/812"}],"wp:attachment":[{"href":"https:\/\/topvalle.com.br\/index.php\/wp-json\/wp\/v2\/media?parent=811"}],"wp:term":[{"taxonomy":"product_cat","embeddable":true,"href":"https:\/\/topvalle.com.br\/index.php\/wp-json\/wp\/v2\/product_cat?post=811"},{"taxonomy":"product_tag","embeddable":true,"href":"https:\/\/topvalle.com.br\/index.php\/wp-json\/wp\/v2\/product_tag?post=811"}],"curies":[{"name":"wp","href":"https:\/\/api.w.org\/{rel}","templated":true}]}}