{"id":820,"date":"2023-04-12T08:05:38","date_gmt":"2023-04-12T11:05:38","guid":{"rendered":"https:\/\/topvalle.com.br\/?post_type=product&#038;p=820"},"modified":"2023-04-12T08:05:39","modified_gmt":"2023-04-12T11:05:39","slug":"be-bombeador-agricola","status":"publish","type":"product","link":"https:\/\/topvalle.com.br\/index.php\/produto\/be-bombeador-agricola\/","title":{"rendered":"BE- BOMBEADOR AGR\u00cdCOLA"},"content":{"rendered":"<p>O produto \u00e9 destinado para irriga\u00e7\u00e3o e pulveriza\u00e7\u00e3o na agricultura.<\/p>\n<p>&nbsp;<\/p>\n<p>BE-3500<br \/>\nC\u00f3digo: 38500.3<\/p>\n<p>Rota\u00e7\u00e3o M\u00e1xima: 1000 rpm<\/p>\n<p>Vaz\u00e3o M\u00e1xima: 22l\/min<\/p>\n<p>Press\u00e3o M\u00e1xima: 580 mca<\/p>\n<p>Pot\u00eancia de acionamento: Irriga\u00e7\u00e3o &#8211; 1,0 cv<br \/>\nPulveriza\u00e7\u00e3o &#8211; 2,0 cv<\/p>\n<p>BE-4000<br \/>\nC\u00f3digo: 38201.4<\/p>\n<p>Rota\u00e7\u00e3o M\u00e1xima: 1000 rpm<\/p>\n<p>Vaz\u00e3o M\u00e1xima: 40l\/min<\/p>\n<p>Press\u00e3o M\u00e1xima: 580 mca<\/p>\n<p>Pot\u00eancia de acionamento: Irriga\u00e7\u00e3o &#8211; 2,0 cv<br \/>\nPulveriza\u00e7\u00e3o &#8211; 5,5 cv<\/p>\n","protected":false},"excerpt":{"rendered":"<p>O produto \u00e9 destinado para irriga\u00e7\u00e3o e pulveriza\u00e7\u00e3o na agricultura.<\/p>\n","protected":false},"featured_media":821,"comment_status":"open","ping_status":"closed","template":"","meta":[],"product_cat":[68,75],"product_tag":[],"_links":{"self":[{"href":"https:\/\/topvalle.com.br\/index.php\/wp-json\/wp\/v2\/product\/820"}],"collection":[{"href":"https:\/\/topvalle.com.br\/index.php\/wp-json\/wp\/v2\/product"}],"about":[{"href":"https:\/\/topvalle.com.br\/index.php\/wp-json\/wp\/v2\/types\/product"}],"replies":[{"embeddable":true,"href":"https:\/\/topvalle.com.br\/index.php\/wp-json\/wp\/v2\/comments?post=820"}],"wp:featuredmedia":[{"embeddable":true,"href":"https:\/\/topvalle.com.br\/index.php\/wp-json\/wp\/v2\/media\/821"}],"wp:attachment":[{"href":"https:\/\/topvalle.com.br\/index.php\/wp-json\/wp\/v2\/media?parent=820"}],"wp:term":[{"taxonomy":"product_cat","embeddable":true,"href":"https:\/\/topvalle.com.br\/index.php\/wp-json\/wp\/v2\/product_cat?post=820"},{"taxonomy":"product_tag","embeddable":true,"href":"https:\/\/topvalle.com.br\/index.php\/wp-json\/wp\/v2\/product_tag?post=820"}],"curies":[{"name":"wp","href":"https:\/\/api.w.org\/{rel}","templated":true}]}}