{"id":822,"date":"2023-04-12T08:07:06","date_gmt":"2023-04-12T11:07:06","guid":{"rendered":"https:\/\/topvalle.com.br\/?post_type=product&#038;p=822"},"modified":"2025-10-28T02:26:43","modified_gmt":"2025-10-28T05:26:43","slug":"compressor-profissional-1-estagio-cmv-10-100","status":"publish","type":"product","link":"https:\/\/topvalle.com.br\/index.php\/produto\/compressor-profissional-1-estagio-cmv-10-100\/","title":{"rendered":"COMPRESSOR PROFISSIONAL 1 EST\u00c1GIO &#8211; CMV-10\/100"},"content":{"rendered":"<p>Ideal para atender diversas aplica\u00e7\u00f5es profissionais, garante sucesso da atividade profissional com desempenho e estabilidade.<\/p>\n<p>Dados T\u00e9cnicos<\/p>\n<p>Tens\u00e3o: 127\/220V (C\u00f3d.: 18321.6) 220\/380V (C\u00f3d.18322.4)<br \/>\nNumero de fases: Monof\u00e1sico\/ Trif\u00e1sico<br \/>\nFrequ\u00eancia: 60 Hz<br \/>\nPotencia do motor: 2 HP<br \/>\nDeslocamento Te\u00f3rico: 10 p\u00e9s\u00b3\/min. \u2013 283 l\/min.<br \/>\nN\u00famero de est\u00e1gios: 1 estagio<br \/>\nN\u00famero de pist\u00e3o: 2-V<br \/>\nN\u00famero de polos: 2 polos<br \/>\nPress\u00e3o de opera\u00e7\u00e3o (M\u00ednimo): 100 lbf\/pol\u00b2 &#8211; 6,9 bar.<br \/>\nPress\u00e3o de opera\u00e7\u00e3o (M\u00e1ximo): 140 lbf\/pol\u00b2 &#8211; 9,7 bar.<br \/>\nRota\u00e7\u00e3o da unidade compressora: 995 rpm<br \/>\nVolume de \u00f3leo: 450 ml<\/p>\n<p>Obrigat\u00f3rio o uso da chave magn\u00e9tica<\/p>\n","protected":false},"excerpt":{"rendered":"<p>Ideal para atender diversas aplica\u00e7\u00f5es profissionais, garante sucesso da atividade profissional com desempenho e estabilidade.<\/p>\n","protected":false},"featured_media":823,"comment_status":"open","ping_status":"closed","template":"","meta":[],"product_cat":[68,76],"product_tag":[],"_links":{"self":[{"href":"https:\/\/topvalle.com.br\/index.php\/wp-json\/wp\/v2\/product\/822"}],"collection":[{"href":"https:\/\/topvalle.com.br\/index.php\/wp-json\/wp\/v2\/product"}],"about":[{"href":"https:\/\/topvalle.com.br\/index.php\/wp-json\/wp\/v2\/types\/product"}],"replies":[{"embeddable":true,"href":"https:\/\/topvalle.com.br\/index.php\/wp-json\/wp\/v2\/comments?post=822"}],"wp:featuredmedia":[{"embeddable":true,"href":"https:\/\/topvalle.com.br\/index.php\/wp-json\/wp\/v2\/media\/823"}],"wp:attachment":[{"href":"https:\/\/topvalle.com.br\/index.php\/wp-json\/wp\/v2\/media?parent=822"}],"wp:term":[{"taxonomy":"product_cat","embeddable":true,"href":"https:\/\/topvalle.com.br\/index.php\/wp-json\/wp\/v2\/product_cat?post=822"},{"taxonomy":"product_tag","embeddable":true,"href":"https:\/\/topvalle.com.br\/index.php\/wp-json\/wp\/v2\/product_tag?post=822"}],"curies":[{"name":"wp","href":"https:\/\/api.w.org\/{rel}","templated":true}]}}