{"id":824,"date":"2023-04-12T08:08:33","date_gmt":"2023-04-12T11:08:33","guid":{"rendered":"https:\/\/topvalle.com.br\/?post_type=product&#038;p=824"},"modified":"2023-07-09T14:42:05","modified_gmt":"2023-07-09T17:42:05","slug":"compressor-de-diafragma-ar-direto-jetmil-s","status":"publish","type":"product","link":"https:\/\/topvalle.com.br\/index.php\/produto\/compressor-de-diafragma-ar-direto-jetmil-s\/","title":{"rendered":"COMPRESSOR DE DIAFRAGMA AR DIRETO &#8211; JETMIL-S"},"content":{"rendered":"<p>Indicado para uso hobby (dom\u00e9stico), tais como pequenas limpezas, pinturas dom\u00e9sticas, trabalhos artesanais e na pulveriza\u00e7\u00e3o de l\u00edquidos para limpeza. Utilizado tamb\u00e9m para inflar barcos, bal\u00f5es, boias, piscinas, bolas e pneus.<\/p>\n<p>Isento de \u00f3leo<\/p>\n<p>Acompanha kit acess\u00f3rios contendo: 1 pistola de pintura e uma mangueira espiral 5 metros com engate r\u00e1pido.<\/p>\n<p>&nbsp;<\/p>\n<p>Dados T\u00e9cnicos<\/p>\n<p>Tens\u00e3o: 127\/220V &#8211; BIVOLT (C\u00f3d.: 38411.2)<\/p>\n<p>N\u00famero de fases: Monof\u00e1sico<\/p>\n<p>Frequ\u00eancia: 60 Hz<\/p>\n<p>Pot\u00eancia do motor: 1\/3 HP<\/p>\n<p>Deslocamento Te\u00f3rico: 2,3 p\u00e9s\u00b3\/min \u2013 65 l\/min<\/p>\n<p>N\u00famero de polos: 4 polos<\/p>\n<p>Press\u00e3o de opera\u00e7\u00e3o (M\u00e1xima): 40 lbf\/pol\u00b2 &#8211; 2,8 bar<\/p>\n","protected":false},"excerpt":{"rendered":"<p>Indicado para uso hobby (dom\u00e9stico), tais como pequenas limpezas, pinturas dom\u00e9sticas, trabalhos artesanais e na pulveriza\u00e7\u00e3o de l\u00edquidos para limpeza. Utilizado tamb\u00e9m para inflar barcos, bal\u00f5es, boias, piscinas, bolas e pneus.<\/p>\n","protected":false},"featured_media":825,"comment_status":"open","ping_status":"closed","template":"","meta":[],"product_cat":[68,76],"product_tag":[],"_links":{"self":[{"href":"https:\/\/topvalle.com.br\/index.php\/wp-json\/wp\/v2\/product\/824"}],"collection":[{"href":"https:\/\/topvalle.com.br\/index.php\/wp-json\/wp\/v2\/product"}],"about":[{"href":"https:\/\/topvalle.com.br\/index.php\/wp-json\/wp\/v2\/types\/product"}],"replies":[{"embeddable":true,"href":"https:\/\/topvalle.com.br\/index.php\/wp-json\/wp\/v2\/comments?post=824"}],"wp:featuredmedia":[{"embeddable":true,"href":"https:\/\/topvalle.com.br\/index.php\/wp-json\/wp\/v2\/media\/825"}],"wp:attachment":[{"href":"https:\/\/topvalle.com.br\/index.php\/wp-json\/wp\/v2\/media?parent=824"}],"wp:term":[{"taxonomy":"product_cat","embeddable":true,"href":"https:\/\/topvalle.com.br\/index.php\/wp-json\/wp\/v2\/product_cat?post=824"},{"taxonomy":"product_tag","embeddable":true,"href":"https:\/\/topvalle.com.br\/index.php\/wp-json\/wp\/v2\/product_tag?post=824"}],"curies":[{"name":"wp","href":"https:\/\/api.w.org\/{rel}","templated":true}]}}