{"id":826,"date":"2023-04-12T08:10:05","date_gmt":"2023-04-12T11:10:05","guid":{"rendered":"https:\/\/topvalle.com.br\/?post_type=product&#038;p=826"},"modified":"2023-05-16T23:42:54","modified_gmt":"2023-05-17T02:42:54","slug":"compressor-industrial-intermitente-mawv-60-350","status":"publish","type":"product","link":"https:\/\/topvalle.com.br\/index.php\/produto\/compressor-industrial-intermitente-mawv-60-350\/","title":{"rendered":"COMPRESSOR INDUSTRIAL INTERMITENTE &#8211; MAWV-60\/350"},"content":{"rendered":"<p>Ideal para atender diversas aplica\u00e7\u00f5es profissionais, garante sucesso da atividade profissional com desempenho e estabilidade.<\/p>\n<p>Dados T\u00e9cnicos<\/p>\n<p>Tens\u00e3o: 220\/380 (C\u00f3d.:22718.3)<br \/>\nNumero de fases: Trif\u00e1sico<br \/>\nFrequ\u00eancia: 60 Hz<br \/>\nPot\u00eancia do motor: 15 HP<br \/>\nDeslocamento Te\u00f3rico: 60 p\u00e9s\u00b3\/min. \u2013 1700 l\/min.<br \/>\nN\u00famero de est\u00e1gios: 2 est\u00e1gios<br \/>\nN\u00famero de pist\u00e3o: 5-WV<br \/>\nN\u00famero de polos: 2 polos<br \/>\nPress\u00e3o de opera\u00e7\u00e3o (M\u00ednimo): 135 lbf\/pol\u00b2 &#8211; 9,3 bar<br \/>\nPress\u00e3o de opera\u00e7\u00e3o (M\u00e1ximo): 175 lbf\/pol\u00b2 &#8211; 12 bar<br \/>\nRota\u00e7\u00e3o da unidade compressora: 710 rpm<\/p>\n<p>Dim. Produto: (A)1570x(L)700x(C)1620<\/p>\n<p>Volume de \u00f3leo: 4500 ml<\/p>\n","protected":false},"excerpt":{"rendered":"<p>Ideal para atender diversas aplica\u00e7\u00f5es profissionais, garante sucesso da atividade profissional com desempenho e estabilidade.<\/p>\n","protected":false},"featured_media":827,"comment_status":"open","ping_status":"closed","template":"","meta":[],"product_cat":[68,76],"product_tag":[],"_links":{"self":[{"href":"https:\/\/topvalle.com.br\/index.php\/wp-json\/wp\/v2\/product\/826"}],"collection":[{"href":"https:\/\/topvalle.com.br\/index.php\/wp-json\/wp\/v2\/product"}],"about":[{"href":"https:\/\/topvalle.com.br\/index.php\/wp-json\/wp\/v2\/types\/product"}],"replies":[{"embeddable":true,"href":"https:\/\/topvalle.com.br\/index.php\/wp-json\/wp\/v2\/comments?post=826"}],"wp:featuredmedia":[{"embeddable":true,"href":"https:\/\/topvalle.com.br\/index.php\/wp-json\/wp\/v2\/media\/827"}],"wp:attachment":[{"href":"https:\/\/topvalle.com.br\/index.php\/wp-json\/wp\/v2\/media?parent=826"}],"wp:term":[{"taxonomy":"product_cat","embeddable":true,"href":"https:\/\/topvalle.com.br\/index.php\/wp-json\/wp\/v2\/product_cat?post=826"},{"taxonomy":"product_tag","embeddable":true,"href":"https:\/\/topvalle.com.br\/index.php\/wp-json\/wp\/v2\/product_tag?post=826"}],"curies":[{"name":"wp","href":"https:\/\/api.w.org\/{rel}","templated":true}]}}