{"id":830,"date":"2023-04-12T08:13:02","date_gmt":"2023-04-12T11:13:02","guid":{"rendered":"https:\/\/topvalle.com.br\/?post_type=product&#038;p=830"},"modified":"2023-04-12T08:13:03","modified_gmt":"2023-04-12T11:13:03","slug":"motoesmeril-mt-100i","status":"publish","type":"product","link":"https:\/\/topvalle.com.br\/index.php\/produto\/motoesmeril-mt-100i\/","title":{"rendered":"MOTOESMERIL &#8211; MT-100I"},"content":{"rendered":"<p>Indicado para servi\u00e7os, profissionais intermitentes, para desbastes e afia\u00e7\u00f5es de objetos ferrosos e n\u00e3o ferrosos. Possui corta fa\u00edscas e apoio de ferramentas ajust\u00e1veis, acompanha rebolo.<\/p>\n<p>Dados T\u00e9cnicos<\/p>\n<p>Tens\u00e3o\/C\u00f3digo: 220V\/380V Trif\u00e1sico (C\u00f3d.: 17197.4)<\/p>\n<p>Pot\u00eancia Trif\u00e1sico: 1,0cv<\/p>\n<p>Frequ\u00eancia: 60 Hz<\/p>\n<p>Rota\u00e7\u00e3o (rpm): 3450<\/p>\n<p>Rebolos (pol): 8\u201dx1\u201dx5\/8\u201d<\/p>\n","protected":false},"excerpt":{"rendered":"<p>Indicado para servi\u00e7os, profissionais intermitentes, para desbastes e afia\u00e7\u00f5es de objetos ferrosos e n\u00e3o ferrosos. Possui corta fa\u00edscas e apoio de ferramentas ajust\u00e1veis, acompanha rebolo.<\/p>\n","protected":false},"featured_media":831,"comment_status":"open","ping_status":"closed","template":"","meta":[],"product_cat":[68,78],"product_tag":[],"_links":{"self":[{"href":"https:\/\/topvalle.com.br\/index.php\/wp-json\/wp\/v2\/product\/830"}],"collection":[{"href":"https:\/\/topvalle.com.br\/index.php\/wp-json\/wp\/v2\/product"}],"about":[{"href":"https:\/\/topvalle.com.br\/index.php\/wp-json\/wp\/v2\/types\/product"}],"replies":[{"embeddable":true,"href":"https:\/\/topvalle.com.br\/index.php\/wp-json\/wp\/v2\/comments?post=830"}],"wp:featuredmedia":[{"embeddable":true,"href":"https:\/\/topvalle.com.br\/index.php\/wp-json\/wp\/v2\/media\/831"}],"wp:attachment":[{"href":"https:\/\/topvalle.com.br\/index.php\/wp-json\/wp\/v2\/media?parent=830"}],"wp:term":[{"taxonomy":"product_cat","embeddable":true,"href":"https:\/\/topvalle.com.br\/index.php\/wp-json\/wp\/v2\/product_cat?post=830"},{"taxonomy":"product_tag","embeddable":true,"href":"https:\/\/topvalle.com.br\/index.php\/wp-json\/wp\/v2\/product_tag?post=830"}],"curies":[{"name":"wp","href":"https:\/\/api.w.org\/{rel}","templated":true}]}}