{"id":834,"date":"2023-04-12T08:16:20","date_gmt":"2023-04-12T11:16:20","guid":{"rendered":"https:\/\/topvalle.com.br\/?post_type=product&#038;p=834"},"modified":"2023-04-12T08:16:20","modified_gmt":"2023-04-12T11:16:20","slug":"guincho-de-coluna-profissional-h-a-108p","status":"publish","type":"product","link":"https:\/\/topvalle.com.br\/index.php\/produto\/guincho-de-coluna-profissional-h-a-108p\/","title":{"rendered":"GUINCHO DE COLUNA PROFISSIONAL &#8211; H-A 108P"},"content":{"rendered":"<p>Guincho de coluna ideal para transporte de cargas em locais aonde o espa\u00e7o horizontal \u00e9 limitado ou para transporte vertical em pequenas edifica\u00e7\u00f5es, andaimes e torres, para facilitar o trabalho.<\/p>\n<p>&nbsp;<\/p>\n<p>Dados T\u00e9cnicos<\/p>\n<p>Tens\u00e3o\/C\u00f3digo: 220 Monof\u00e1sico (C\u00f3d.: 00038275.2)<\/p>\n<p>Pot\u00eancia do motor (Watts): 1650<\/p>\n<p>Frequ\u00eancia: 60 Hz<\/p>\n<p>Velocidade de eleva\u00e7\u00e3o (m\/min): 12<\/p>\n<p>Comp. M\u00e1x. cabo (m): 12<\/p>\n<p>Eleva\u00e7\u00e3o M\u00e1xima: 12m (diretamente no cabo)<\/p>\n<p>6m (com polia de invers\u00e3o)<\/p>\n<p>Cap. M\u00e1x. de carga: 400Kg (diretamente no cabo)<\/p>\n<p>800Kg (com polia de invers\u00e3o)<\/p>\n<p>&nbsp;<\/p>\n<p>Cabos de A\u00e7o do Produto certificado conforme Portaria Inmetro n\u00b0 181\/2013 por ABNT OCP 0005.<\/p>\n","protected":false},"excerpt":{"rendered":"<p>Guincho de coluna ideal para transporte de cargas em locais aonde o espa\u00e7o horizontal \u00e9 limitado ou para transporte vertical em pequenas edifica\u00e7\u00f5es, andaimes e torres, para facilitar o trabalho.<\/p>\n","protected":false},"featured_media":835,"comment_status":"open","ping_status":"closed","template":"","meta":[],"product_cat":[68,80],"product_tag":[],"_links":{"self":[{"href":"https:\/\/topvalle.com.br\/index.php\/wp-json\/wp\/v2\/product\/834"}],"collection":[{"href":"https:\/\/topvalle.com.br\/index.php\/wp-json\/wp\/v2\/product"}],"about":[{"href":"https:\/\/topvalle.com.br\/index.php\/wp-json\/wp\/v2\/types\/product"}],"replies":[{"embeddable":true,"href":"https:\/\/topvalle.com.br\/index.php\/wp-json\/wp\/v2\/comments?post=834"}],"wp:featuredmedia":[{"embeddable":true,"href":"https:\/\/topvalle.com.br\/index.php\/wp-json\/wp\/v2\/media\/835"}],"wp:attachment":[{"href":"https:\/\/topvalle.com.br\/index.php\/wp-json\/wp\/v2\/media?parent=834"}],"wp:term":[{"taxonomy":"product_cat","embeddable":true,"href":"https:\/\/topvalle.com.br\/index.php\/wp-json\/wp\/v2\/product_cat?post=834"},{"taxonomy":"product_tag","embeddable":true,"href":"https:\/\/topvalle.com.br\/index.php\/wp-json\/wp\/v2\/product_tag?post=834"}],"curies":[{"name":"wp","href":"https:\/\/api.w.org\/{rel}","templated":true}]}}