{"id":836,"date":"2023-04-12T08:17:55","date_gmt":"2023-04-12T11:17:55","guid":{"rendered":"https:\/\/topvalle.com.br\/?post_type=product&#038;p=836"},"modified":"2023-04-12T08:17:55","modified_gmt":"2023-04-12T11:17:55","slug":"900","status":"publish","type":"product","link":"https:\/\/topvalle.com.br\/index.php\/produto\/900\/","title":{"rendered":"900"},"content":{"rendered":"<p>Muita pot\u00eancia e alto rendimento. Esse \u00e9 o diferencial da 900 Kpa. Alta vaz\u00e3o e press\u00e3o, unindo tecnologia e efici\u00eancia. Altamente eficiente, caracteriza-se pelo excelente rendimento e durabilidade. Perfeita para o abastecimento de \u00e1gua e para pequenas irriga\u00e7\u00f5es de agricultura familiar e cria\u00e7\u00e3o de animais.<\/p>\n","protected":false},"excerpt":{"rendered":"<p>Muita pot\u00eancia e alto rendimento. Esse \u00e9 o diferencial da 900 Kpa. Alta vaz\u00e3o e press\u00e3o, unindo tecnologia e efici\u00eancia.<\/p>\n","protected":false},"featured_media":837,"comment_status":"open","ping_status":"closed","template":"","meta":[],"product_cat":[68,81],"product_tag":[],"_links":{"self":[{"href":"https:\/\/topvalle.com.br\/index.php\/wp-json\/wp\/v2\/product\/836"}],"collection":[{"href":"https:\/\/topvalle.com.br\/index.php\/wp-json\/wp\/v2\/product"}],"about":[{"href":"https:\/\/topvalle.com.br\/index.php\/wp-json\/wp\/v2\/types\/product"}],"replies":[{"embeddable":true,"href":"https:\/\/topvalle.com.br\/index.php\/wp-json\/wp\/v2\/comments?post=836"}],"wp:featuredmedia":[{"embeddable":true,"href":"https:\/\/topvalle.com.br\/index.php\/wp-json\/wp\/v2\/media\/837"}],"wp:attachment":[{"href":"https:\/\/topvalle.com.br\/index.php\/wp-json\/wp\/v2\/media?parent=836"}],"wp:term":[{"taxonomy":"product_cat","embeddable":true,"href":"https:\/\/topvalle.com.br\/index.php\/wp-json\/wp\/v2\/product_cat?post=836"},{"taxonomy":"product_tag","embeddable":true,"href":"https:\/\/topvalle.com.br\/index.php\/wp-json\/wp\/v2\/product_tag?post=836"}],"curies":[{"name":"wp","href":"https:\/\/api.w.org\/{rel}","templated":true}]}}