{"id":843,"date":"2023-04-12T08:22:12","date_gmt":"2023-04-12T11:22:12","guid":{"rendered":"https:\/\/topvalle.com.br\/?post_type=product&#038;p=843"},"modified":"2023-04-12T08:22:13","modified_gmt":"2023-04-12T11:22:13","slug":"aquecedor-central","status":"publish","type":"product","link":"https:\/\/topvalle.com.br\/index.php\/produto\/aquecedor-central\/","title":{"rendered":"AQUECEDOR CENTRAL"},"content":{"rendered":"<p>O Aquecedor Central \u00e9 resultado da experi\u00eancia e pioneirismo visando proporcionar um maior conforto e economia para o seu banho. Devido a sua versatilidade e pequenas dimens\u00f5es pode ser instalado diretamente no banheiro, em parede de meio tijolo, eliminando assim a necessidade de extensas tubula\u00e7\u00f5es de cobre. Buscando valorizar seu banheiro, o Aquecedor Central \u00e9 o resultado de estudos de design, trazendo requinte e sofistica\u00e7\u00e3o.<\/p>\n","protected":false},"excerpt":{"rendered":"<p>O Aquecedor Central \u00e9 resultado da experi\u00eancia e pioneirismo visando proporcionar um maior conforto e economia para o seu banho.<\/p>\n","protected":false},"featured_media":844,"comment_status":"open","ping_status":"closed","template":"","meta":[],"product_cat":[83,82],"product_tag":[],"_links":{"self":[{"href":"https:\/\/topvalle.com.br\/index.php\/wp-json\/wp\/v2\/product\/843"}],"collection":[{"href":"https:\/\/topvalle.com.br\/index.php\/wp-json\/wp\/v2\/product"}],"about":[{"href":"https:\/\/topvalle.com.br\/index.php\/wp-json\/wp\/v2\/types\/product"}],"replies":[{"embeddable":true,"href":"https:\/\/topvalle.com.br\/index.php\/wp-json\/wp\/v2\/comments?post=843"}],"wp:featuredmedia":[{"embeddable":true,"href":"https:\/\/topvalle.com.br\/index.php\/wp-json\/wp\/v2\/media\/844"}],"wp:attachment":[{"href":"https:\/\/topvalle.com.br\/index.php\/wp-json\/wp\/v2\/media?parent=843"}],"wp:term":[{"taxonomy":"product_cat","embeddable":true,"href":"https:\/\/topvalle.com.br\/index.php\/wp-json\/wp\/v2\/product_cat?post=843"},{"taxonomy":"product_tag","embeddable":true,"href":"https:\/\/topvalle.com.br\/index.php\/wp-json\/wp\/v2\/product_tag?post=843"}],"curies":[{"name":"wp","href":"https:\/\/api.w.org\/{rel}","templated":true}]}}