{"id":845,"date":"2023-04-12T08:23:24","date_gmt":"2023-04-12T11:23:24","guid":{"rendered":"https:\/\/topvalle.com.br\/?post_type=product&#038;p=845"},"modified":"2023-04-12T08:23:25","modified_gmt":"2023-04-12T11:23:25","slug":"aquecedor-central-flex-digital","status":"publish","type":"product","link":"https:\/\/topvalle.com.br\/index.php\/produto\/aquecedor-central-flex-digital\/","title":{"rendered":"AQUECEDOR CENTRAL FLEX DIGITAL"},"content":{"rendered":"<p>A nova linha de Aquecedores Centrais foi desenvolvida para uma grande variedade de aplica\u00e7\u00f5es. Devido a sua versatilidade e pequenas dimens\u00f5es, pode ser instalado pr\u00f3ximo aos pontos de uso no banheiro (pia, lavat\u00f3rio, bid\u00ea, ducha, etc.) ou onde se necessitar \u00e1gua quente, evitando o desperd\u00edcio de \u00e1gua que ocorre com os outros sistemas de aquecimento central (a g\u00e1s, solar ou boiler). Al\u00e9m da significativa economia na instala\u00e7\u00e3o, se comparado a outros sistemas de aquecimento, o novo Aquecedor Central proporciona, tamb\u00e9m, o uso racional de \u00e1gua e energia el\u00e9trica, com economia superior a 50%.<\/p>\n","protected":false},"excerpt":{"rendered":"<p>A nova linha de Aquecedores Centrais foi desenvolvida para uma grande variedade de aplica\u00e7\u00f5es<\/p>\n","protected":false},"featured_media":846,"comment_status":"open","ping_status":"closed","template":"","meta":[],"product_cat":[83,82],"product_tag":[],"_links":{"self":[{"href":"https:\/\/topvalle.com.br\/index.php\/wp-json\/wp\/v2\/product\/845"}],"collection":[{"href":"https:\/\/topvalle.com.br\/index.php\/wp-json\/wp\/v2\/product"}],"about":[{"href":"https:\/\/topvalle.com.br\/index.php\/wp-json\/wp\/v2\/types\/product"}],"replies":[{"embeddable":true,"href":"https:\/\/topvalle.com.br\/index.php\/wp-json\/wp\/v2\/comments?post=845"}],"wp:featuredmedia":[{"embeddable":true,"href":"https:\/\/topvalle.com.br\/index.php\/wp-json\/wp\/v2\/media\/846"}],"wp:attachment":[{"href":"https:\/\/topvalle.com.br\/index.php\/wp-json\/wp\/v2\/media?parent=845"}],"wp:term":[{"taxonomy":"product_cat","embeddable":true,"href":"https:\/\/topvalle.com.br\/index.php\/wp-json\/wp\/v2\/product_cat?post=845"},{"taxonomy":"product_tag","embeddable":true,"href":"https:\/\/topvalle.com.br\/index.php\/wp-json\/wp\/v2\/product_tag?post=845"}],"curies":[{"name":"wp","href":"https:\/\/api.w.org\/{rel}","templated":true}]}}