{"id":847,"date":"2023-04-12T08:25:02","date_gmt":"2023-04-12T11:25:02","guid":{"rendered":"https:\/\/topvalle.com.br\/?post_type=product&#038;p=847"},"modified":"2023-04-12T08:25:03","modified_gmt":"2023-04-12T11:25:03","slug":"aquecedores-centrais-kdt","status":"publish","type":"product","link":"https:\/\/topvalle.com.br\/index.php\/produto\/aquecedores-centrais-kdt\/","title":{"rendered":"AQUECEDORES CENTRAIS KDT"},"content":{"rendered":"<p>CONSUMO INTELIGENTE DE ENERGIA E ECONOMIA DE \u00c1GUA<br \/>\nO Aquecedor Central KDT \u00e9 a op\u00e7\u00e3o mais segura e econ\u00f4mica parao seu banho. Nossa tecnologia reconhece a temperatura de entrada e utiliza apenas a energia necess\u00e1ria para deixar a \u00e1gua na temperatura programada.<\/p>\n<p>Ex: Se a \u00e1gua da caixa est\u00e1 a 30\u00b0C e voc\u00ea programou seu banho para umatemperatura de 37\u00b0C, o consumo ser\u00e1 somente para aquecer essa diferen\u00e7a de 7\u00b0C.<\/p>\n<p>PARCEIRA IDEAL DE QUALQUER TIPO DE AQUECIMENTO<br \/>\nNosso Aquecedor ligar\u00e1 automaticamente quando o sistema aquecimento n\u00e3o for capaz de aquecer a \u00e1gua na temperatura desejada. Essa caracter\u00edstica proporciona grande economia de energia, pois a utiliza somente quando for necess\u00e1rio.<\/p>\n<p>CONTROLE AUTOM\u00c1TICO DE TEMPERATURA<br \/>\n\u00danico no mercado com a op\u00e7\u00e3o de escolher e manter a temperatura da \u00e1gua, para que seu banho seja agrad\u00e1vel e econ\u00f4mico.<\/p>\n<p>Atrav\u00e9s do Controle Digital ou Eletr\u00f4nico, voc\u00ea programa a temperatura de grau em grau (Digital at\u00e9 60\u00b0C\/Eletr\u00f4nico at\u00e9 50\u00b0C) e pode alter\u00e1-la durante o banho com total seguran\u00e7a. Se resolver alterar a temperatura programada ou a vaz\u00e3o (volume de \u00e1gua) durante a utiliza\u00e7\u00e3o, em segundos o Aquecedor se adaptar\u00e1 \u00e0 nova condi\u00e7\u00e3o, mantendo a temperatura escolhida durante todo o funcionamento do equipamento.<\/p>\n<p>Obs.: No Controle Remoto Digital voc\u00ea visualiza a temperatura da \u00e1gua na entrada do aparelho, o consumo de \u00e1gua e o tempo de banho, al\u00e9m de poder controlar a pot\u00eancia m\u00e1xima utilizada em seu aparelho.<\/p>\n<p>UM SHOW DE BANHO<br \/>\nCom design exclusivo e resist\u00eancia extremamente silenciosa, o Aquecedor Central KDT proporciona uma sensa\u00e7\u00e3o de relaxamento e prazer. Um verdadeiro show de banho!<\/p>\n<p>AQUECE O BANHEIRO TODO<br \/>\nFornece \u00e1gua quente para todos os pontos do banheiro (ducha, lavat\u00f3rio, banheira, ducha higi\u00eanica, etc), com economia na obra. Sua tecnologia de regulagem de temperatura permite que seja instalado com uma \u00fanica tubula\u00e7\u00e3o de \u00e1gua quente, diminuindo gastos com misturadores e registros.<\/p>\n<p>ALTO PADR\u00c3O DE ACABAMENTO, COM RESPONSABILIDADE<br \/>\nA qualidade de acabamento e materiais utilizados, aliados \u00e0 alta tecnologia e preocupa\u00e7\u00e3o com o meio ambiente se tornam um compromisso da KDT com seus clientes e com nosso planeta. Estamos constantemente \u00e0 procura de novos materiais e solu\u00e7\u00f5es sustent\u00e1veis para um futuro melhor.<\/p>\n<p>INFORMA\u00c7\u00d5ES T\u00c9CNICAS<br \/>\nNossos Aquecedores est\u00e3o em conformidade com a Norma NSR 12090 (corrente de fuga), para utiliza\u00e7\u00e3o com resistividade superior \u00e0 3000 ohm x cm. Al\u00e9m de terem desempenho aprovado pelo INMETRO, estando em conformidade com o Programa Brasileiro de Etiquetagem.<\/p>\n","protected":false},"excerpt":{"rendered":"<p>CONSUMO INTELIGENTE DE ENERGIA E ECONOMIA DE \u00c1GUA<br \/>\nO Aquecedor Central KDT \u00e9 a op\u00e7\u00e3o mais segura e econ\u00f4mica parao seu banho. Nossa tecnologia reconhece a temperatura de entrada e utiliza apenas a energia necess\u00e1ria para deixar a \u00e1gua na temperatura programada.<\/p>\n","protected":false},"featured_media":848,"comment_status":"open","ping_status":"closed","template":"","meta":[],"product_cat":[83,82],"product_tag":[],"_links":{"self":[{"href":"https:\/\/topvalle.com.br\/index.php\/wp-json\/wp\/v2\/product\/847"}],"collection":[{"href":"https:\/\/topvalle.com.br\/index.php\/wp-json\/wp\/v2\/product"}],"about":[{"href":"https:\/\/topvalle.com.br\/index.php\/wp-json\/wp\/v2\/types\/product"}],"replies":[{"embeddable":true,"href":"https:\/\/topvalle.com.br\/index.php\/wp-json\/wp\/v2\/comments?post=847"}],"wp:featuredmedia":[{"embeddable":true,"href":"https:\/\/topvalle.com.br\/index.php\/wp-json\/wp\/v2\/media\/848"}],"wp:attachment":[{"href":"https:\/\/topvalle.com.br\/index.php\/wp-json\/wp\/v2\/media?parent=847"}],"wp:term":[{"taxonomy":"product_cat","embeddable":true,"href":"https:\/\/topvalle.com.br\/index.php\/wp-json\/wp\/v2\/product_cat?post=847"},{"taxonomy":"product_tag","embeddable":true,"href":"https:\/\/topvalle.com.br\/index.php\/wp-json\/wp\/v2\/product_tag?post=847"}],"curies":[{"name":"wp","href":"https:\/\/api.w.org\/{rel}","templated":true}]}}