{"id":851,"date":"2023-04-12T08:28:07","date_gmt":"2023-04-12T11:28:07","guid":{"rendered":"https:\/\/topvalle.com.br\/?post_type=product&#038;p=851"},"modified":"2023-04-12T08:28:07","modified_gmt":"2023-04-12T11:28:07","slug":"aquecedor-hidro-digital","status":"publish","type":"product","link":"https:\/\/topvalle.com.br\/index.php\/produto\/aquecedor-hidro-digital\/","title":{"rendered":"AQUECEDOR HIDRO DIGITAL"},"content":{"rendered":"<p>A LINHA DE AQUECEDORES HIDRO DIGITAL E SUPER HIDRO DIGITAL \u00e9 o meio mais pr\u00e1tico e confort\u00e1vel de se utilizar \u00e1gua quente em banheiras de hidromassagem para o relaxamento, massagem e terapia do corpo e da mente. Devido a tecnologia CARDAL incorporada, esta linha de aquecedores apresenta caracter\u00edsticas exclusivas que permitem banhos de imers\u00e3o mais confort\u00e1veis e seguros.<\/p>\n","protected":false},"excerpt":{"rendered":"<p>A LINHA DE AQUECEDORES HIDRO DIGITAL E SUPER HIDRO DIGITAL \u00e9 o meio mais pr\u00e1tico e confort\u00e1vel de se utilizar \u00e1gua quente em banheiras de hidromassagem para o relaxamento, massagem e terapia do corpo e da mente.<\/p>\n","protected":false},"featured_media":852,"comment_status":"open","ping_status":"closed","template":"","meta":[],"product_cat":[84,82],"product_tag":[],"_links":{"self":[{"href":"https:\/\/topvalle.com.br\/index.php\/wp-json\/wp\/v2\/product\/851"}],"collection":[{"href":"https:\/\/topvalle.com.br\/index.php\/wp-json\/wp\/v2\/product"}],"about":[{"href":"https:\/\/topvalle.com.br\/index.php\/wp-json\/wp\/v2\/types\/product"}],"replies":[{"embeddable":true,"href":"https:\/\/topvalle.com.br\/index.php\/wp-json\/wp\/v2\/comments?post=851"}],"wp:featuredmedia":[{"embeddable":true,"href":"https:\/\/topvalle.com.br\/index.php\/wp-json\/wp\/v2\/media\/852"}],"wp:attachment":[{"href":"https:\/\/topvalle.com.br\/index.php\/wp-json\/wp\/v2\/media?parent=851"}],"wp:term":[{"taxonomy":"product_cat","embeddable":true,"href":"https:\/\/topvalle.com.br\/index.php\/wp-json\/wp\/v2\/product_cat?post=851"},{"taxonomy":"product_tag","embeddable":true,"href":"https:\/\/topvalle.com.br\/index.php\/wp-json\/wp\/v2\/product_tag?post=851"}],"curies":[{"name":"wp","href":"https:\/\/api.w.org\/{rel}","templated":true}]}}