{"id":855,"date":"2023-04-12T08:31:05","date_gmt":"2023-04-12T11:31:05","guid":{"rendered":"https:\/\/topvalle.com.br\/?post_type=product&#038;p=855"},"modified":"2023-04-12T08:31:05","modified_gmt":"2023-04-12T11:31:05","slug":"aquecedor-individual-flex","status":"publish","type":"product","link":"https:\/\/topvalle.com.br\/index.php\/produto\/aquecedor-individual-flex\/","title":{"rendered":"AQUECEDOR INDIVIDUAL FLEX"},"content":{"rendered":"<p>A nova linha de Aquecedores Individuais foi desenvolvida para uma grande variedade de aplica\u00e7\u00f5es. Devido a sua versatilidade e pequenas dimens\u00f5es, qualquer um dos modelos pode ser instalado diretamente no ponto de uso (pia, lavat\u00f3rio, bid\u00ea, etc.) ou onde se necessitar \u00e1gua quente, evitando o desperd\u00edcio de \u00e1gua.<\/p>\n<p>Sendo totalmente autom\u00e1tico, o novo Aquecedor Individual consome energia el\u00e9trica somente quando se abre o registro de \u00e1gua a ele conectado, aquecendo a \u00e1gua instantaneamente.<\/p>\n","protected":false},"excerpt":{"rendered":"<p>A nova linha de Aquecedores Individuais foi desenvolvida para uma grande variedade de aplica\u00e7\u00f5es. Devido a sua versatilidade e pequenas dimens\u00f5es, qualquer um dos modelos pode ser instalado diretamente no ponto de uso (pia, lavat\u00f3rio, bid\u00ea, etc.) ou onde se necessitar \u00e1gua quente, evitando o desperd\u00edcio de \u00e1gua.<\/p>\n","protected":false},"featured_media":856,"comment_status":"open","ping_status":"closed","template":"","meta":[],"product_cat":[85,82],"product_tag":[],"_links":{"self":[{"href":"https:\/\/topvalle.com.br\/index.php\/wp-json\/wp\/v2\/product\/855"}],"collection":[{"href":"https:\/\/topvalle.com.br\/index.php\/wp-json\/wp\/v2\/product"}],"about":[{"href":"https:\/\/topvalle.com.br\/index.php\/wp-json\/wp\/v2\/types\/product"}],"replies":[{"embeddable":true,"href":"https:\/\/topvalle.com.br\/index.php\/wp-json\/wp\/v2\/comments?post=855"}],"wp:featuredmedia":[{"embeddable":true,"href":"https:\/\/topvalle.com.br\/index.php\/wp-json\/wp\/v2\/media\/856"}],"wp:attachment":[{"href":"https:\/\/topvalle.com.br\/index.php\/wp-json\/wp\/v2\/media?parent=855"}],"wp:term":[{"taxonomy":"product_cat","embeddable":true,"href":"https:\/\/topvalle.com.br\/index.php\/wp-json\/wp\/v2\/product_cat?post=855"},{"taxonomy":"product_tag","embeddable":true,"href":"https:\/\/topvalle.com.br\/index.php\/wp-json\/wp\/v2\/product_tag?post=855"}],"curies":[{"name":"wp","href":"https:\/\/api.w.org\/{rel}","templated":true}]}}