{"id":859,"date":"2023-04-12T08:34:11","date_gmt":"2023-04-12T11:34:11","guid":{"rendered":"https:\/\/topvalle.com.br\/?post_type=product&#038;p=859"},"modified":"2023-04-12T08:34:12","modified_gmt":"2023-04-12T11:34:12","slug":"ducha-convencional-ecc","status":"publish","type":"product","link":"https:\/\/topvalle.com.br\/index.php\/produto\/ducha-convencional-ecc\/","title":{"rendered":"DUCHA CONVENCIONAL ECC"},"content":{"rendered":"<p><strong>DUCHAS CONVENCIONAIS<\/strong><br \/>\nA KDT mant\u00e9m a tradi\u00e7\u00e3o de alta qualidade, sempre em busca do melhor banho com maior conforto, economia e seguran\u00e7a e oferece a voc\u00ea a Ducha ECO, econ\u00f4mica e ecol\u00f3gica.<\/p>\n<p>Com design moderno, compacto e sofisticado, garante um visual elegante e \u201cclean\u201d a seu banheiro.<\/p>\n<p>A Ducha ECO tamb\u00e9m conta com a tecnologia da Super Jato KDT, com a vaz\u00e3o que s\u00f3 nossos produtos possuem, al\u00e9m de possibilitar direcionar o fluxo de \u00e1gua para onde desejar.<\/p>\n<ul>\n<li>Produto econ\u00f4mico e ecol\u00f3gico;<\/li>\n<li>Design exclusivo: aliado \u00e0 praticidade, as formas e curvas deixam seu banheiro com visual clean e moderno;<\/li>\n<li>Ideal para todas as esta\u00e7\u00f5es: com controle multitemperatura. No ver\u00e3o ou no inverno, com a pot\u00eancia que desejar;<\/li>\n<li>Antichoque: totalmente segura para alterar a temperatura durante o banho;<\/li>\n<li>Tecnologia Super Jato KDT: muita \u00e1gua com direcionamento de fluxo;<\/li>\n<li>Acabamento branco com detalhes cromados;<\/li>\n<li>Desviador opcional.<\/li>\n<\/ul>\n","protected":false},"excerpt":{"rendered":"<p><strong>DUCHAS CONVENCIONAIS<\/strong><br \/>\nA KDT mant\u00e9m a tradi\u00e7\u00e3o de alta qualidade, sempre em busca do melhor banho com maior conforto, economia e seguran\u00e7a e oferece a voc\u00ea a Ducha ECO, econ\u00f4mica e ecol\u00f3gica.<\/p>\n","protected":false},"featured_media":860,"comment_status":"open","ping_status":"closed","template":"","meta":[],"product_cat":[82,86],"product_tag":[],"_links":{"self":[{"href":"https:\/\/topvalle.com.br\/index.php\/wp-json\/wp\/v2\/product\/859"}],"collection":[{"href":"https:\/\/topvalle.com.br\/index.php\/wp-json\/wp\/v2\/product"}],"about":[{"href":"https:\/\/topvalle.com.br\/index.php\/wp-json\/wp\/v2\/types\/product"}],"replies":[{"embeddable":true,"href":"https:\/\/topvalle.com.br\/index.php\/wp-json\/wp\/v2\/comments?post=859"}],"wp:featuredmedia":[{"embeddable":true,"href":"https:\/\/topvalle.com.br\/index.php\/wp-json\/wp\/v2\/media\/860"}],"wp:attachment":[{"href":"https:\/\/topvalle.com.br\/index.php\/wp-json\/wp\/v2\/media?parent=859"}],"wp:term":[{"taxonomy":"product_cat","embeddable":true,"href":"https:\/\/topvalle.com.br\/index.php\/wp-json\/wp\/v2\/product_cat?post=859"},{"taxonomy":"product_tag","embeddable":true,"href":"https:\/\/topvalle.com.br\/index.php\/wp-json\/wp\/v2\/product_tag?post=859"}],"curies":[{"name":"wp","href":"https:\/\/api.w.org\/{rel}","templated":true}]}}