{"id":861,"date":"2023-04-12T08:35:33","date_gmt":"2023-04-12T11:35:33","guid":{"rendered":"https:\/\/topvalle.com.br\/?post_type=product&#038;p=861"},"modified":"2023-04-12T08:35:33","modified_gmt":"2023-04-12T11:35:33","slug":"ducha-eletronica-luxo-blindada","status":"publish","type":"product","link":"https:\/\/topvalle.com.br\/index.php\/produto\/ducha-eletronica-luxo-blindada\/","title":{"rendered":"DUCHA ELETR\u00d4NICA LUXO BLINDADA"},"content":{"rendered":"<p>H\u00e1 tempos o banho com \u00e1gua quente deixou de ser simplesmente uma forma de higieniza\u00e7\u00e3o pessoal e passou a ser uma formid\u00e1vel fonte de prazer, aliviando o estresse e proporcionando uma melhor qualidade de vida.<br \/>\nAs DUCHAS ELETR\u00d4NICAS LUXO \u00e9 o resultado de v\u00e1rios anos de experi\u00eancia e constante busca de caracter\u00edsticas que lhe assegurem um perfeito funcionamento, tornando seu banho mais econ\u00f4mico e confort\u00e1vel. As DUCHAS ELETR\u00d4NICAS LUXO se destacam pelo seu estilo moderno, trazendo como resultado o conforto de banhos relaxantes, com efici\u00eancia, economia e seguran\u00e7a.<\/p>\n","protected":false},"excerpt":{"rendered":"<p>H\u00e1 tempos o banho com \u00e1gua quente deixou de ser simplesmente uma forma de higieniza\u00e7\u00e3o pessoal e passou a ser uma formid\u00e1vel fonte de prazer, aliviando o estresse e proporcionando uma melhor qualidade de vida.<br \/>\nAs DUCHAS ELETR\u00d4NICAS LUXO \u00e9 o resultado de v\u00e1rios anos de experi\u00eancia e constante busca de caracter\u00edsticas que lhe assegurem um perfeito funcionamento, tornando seu banho mais econ\u00f4mico e confort\u00e1vel. As DUCHAS ELETR\u00d4NICAS LUXO se destacam pelo seu estilo moderno, trazendo como resultado o conforto de banhos relaxantes, com efici\u00eancia, economia e seguran\u00e7a.<\/p>\n","protected":false},"featured_media":862,"comment_status":"open","ping_status":"closed","template":"","meta":[],"product_cat":[82,86],"product_tag":[],"_links":{"self":[{"href":"https:\/\/topvalle.com.br\/index.php\/wp-json\/wp\/v2\/product\/861"}],"collection":[{"href":"https:\/\/topvalle.com.br\/index.php\/wp-json\/wp\/v2\/product"}],"about":[{"href":"https:\/\/topvalle.com.br\/index.php\/wp-json\/wp\/v2\/types\/product"}],"replies":[{"embeddable":true,"href":"https:\/\/topvalle.com.br\/index.php\/wp-json\/wp\/v2\/comments?post=861"}],"wp:featuredmedia":[{"embeddable":true,"href":"https:\/\/topvalle.com.br\/index.php\/wp-json\/wp\/v2\/media\/862"}],"wp:attachment":[{"href":"https:\/\/topvalle.com.br\/index.php\/wp-json\/wp\/v2\/media?parent=861"}],"wp:term":[{"taxonomy":"product_cat","embeddable":true,"href":"https:\/\/topvalle.com.br\/index.php\/wp-json\/wp\/v2\/product_cat?post=861"},{"taxonomy":"product_tag","embeddable":true,"href":"https:\/\/topvalle.com.br\/index.php\/wp-json\/wp\/v2\/product_tag?post=861"}],"curies":[{"name":"wp","href":"https:\/\/api.w.org\/{rel}","templated":true}]}}