{"id":863,"date":"2023-04-12T08:36:37","date_gmt":"2023-04-12T11:36:37","guid":{"rendered":"https:\/\/topvalle.com.br\/?post_type=product&#038;p=863"},"modified":"2023-04-12T08:36:37","modified_gmt":"2023-04-12T11:36:37","slug":"ducha-classica","status":"publish","type":"product","link":"https:\/\/topvalle.com.br\/index.php\/produto\/ducha-classica\/","title":{"rendered":"DUCHA CL\u00c1SSICA"},"content":{"rendered":"<p>H\u00e1 tempos o banho com \u00e1gua quente deixou de ser simplesmente uma forma de higieniza\u00e7\u00e3o pessoal e passou a ser uma formid\u00e1vel fonte de prazer, aliviando o estresse e proporcionando uma melhor qualidade de vida.<br \/>\nAS DUCHAS CL\u00c1SSICAS fazem parte desta evolu\u00e7\u00e3o e se destacam pelo seu estilo moderno, trazendo como resultado o conforto de banhos relaxantes, com efici\u00eancia, economia e seguran\u00e7a.<\/p>\n","protected":false},"excerpt":{"rendered":"<p>H\u00e1 tempos o banho com \u00e1gua quente deixou de ser simplesmente uma forma de higieniza\u00e7\u00e3o pessoal e passou a ser uma formid\u00e1vel fonte de prazer, aliviando o estresse e proporcionando uma melhor qualidade de vida.<br \/>\nAS DUCHAS CL\u00c1SSICAS fazem parte desta evolu\u00e7\u00e3o e se destacam pelo seu estilo moderno, trazendo como resultado o conforto de banhos relaxantes, com efici\u00eancia, economia e seguran\u00e7a.<\/p>\n","protected":false},"featured_media":864,"comment_status":"open","ping_status":"closed","template":"","meta":[],"product_cat":[82,86],"product_tag":[],"_links":{"self":[{"href":"https:\/\/topvalle.com.br\/index.php\/wp-json\/wp\/v2\/product\/863"}],"collection":[{"href":"https:\/\/topvalle.com.br\/index.php\/wp-json\/wp\/v2\/product"}],"about":[{"href":"https:\/\/topvalle.com.br\/index.php\/wp-json\/wp\/v2\/types\/product"}],"replies":[{"embeddable":true,"href":"https:\/\/topvalle.com.br\/index.php\/wp-json\/wp\/v2\/comments?post=863"}],"wp:featuredmedia":[{"embeddable":true,"href":"https:\/\/topvalle.com.br\/index.php\/wp-json\/wp\/v2\/media\/864"}],"wp:attachment":[{"href":"https:\/\/topvalle.com.br\/index.php\/wp-json\/wp\/v2\/media?parent=863"}],"wp:term":[{"taxonomy":"product_cat","embeddable":true,"href":"https:\/\/topvalle.com.br\/index.php\/wp-json\/wp\/v2\/product_cat?post=863"},{"taxonomy":"product_tag","embeddable":true,"href":"https:\/\/topvalle.com.br\/index.php\/wp-json\/wp\/v2\/product_tag?post=863"}],"curies":[{"name":"wp","href":"https:\/\/api.w.org\/{rel}","templated":true}]}}